{"id":188,"date":"2018-11-22T06:46:44","date_gmt":"2018-11-22T06:46:44","guid":{"rendered":"https:\/\/www.themehorse.com\/preview\/newscard\/?page_id=188"},"modified":"2018-11-22T06:46:44","modified_gmt":"2018-11-22T06:46:44","slug":"full-width","status":"publish","type":"page","link":"https:\/\/lavoixdelanation.tg\/index.php\/full-width\/","title":{"rendered":"Full Width"},"content":{"rendered":"<p>Lorem ipsum dolor sit amet, consectetur adipiscing elit. Aliquam eros ante, placerat ac pulvinar at, iaculis a quam. Duis ut risus lobortis diam molestie vehicula. Nunc aliquet lectus at egestas tristique. Orci varius natoque penatibus et magnis dis parturient montes, nascetur ridiculus mus. Ut commodo vel quam sit amet aliquam. Nulla facilisi. Sed enim libero, pellentesque euismod hendrerit sed, vestibulum nec mi. Integer aliquam purus blandit eleifend auctor. Maecenas porttitor eros at pulvinar lobortis. Donec arcu ante, fringilla id orci id, dignissim mollis sapien. Aenean vehicula justo mauris, eget interdum turpis dapibus a.<\/p>\n<p>Quisque massa mauris, imperdiet in nisl vitae, mollis faucibus enim. Suspendisse mollis tempus enim, id tincidunt velit lacinia eget. Nam tincidunt lorem sit amet malesuada aliquet. Morbi pellentesque pharetra turpis vel mattis. Proin vulputate aliquet tincidunt. Nulla sed urna consequat, aliquam diam in, congue metus. Nullam sit amet aliquam orci.<\/p>\n<p>Donec lorem metus, pulvinar sit amet augue ut, tristique euismod neque. Nullam vitae hendrerit tellus, sit amet maximus lorem. Praesent commodo orci ut venenatis dictum. Pellentesque odio quam, rutrum a mi sed, aliquet ullamcorper ipsum. Phasellus bibendum elit ligula, sed placerat diam hendrerit non. Suspendisse commodo tempus leo at congue. Curabitur aliquet efficitur nisi, eu dignissim dui consectetur vitae. Aenean eget magna quis est tincidunt maximus. Nunc non metus vitae sem imperdiet scelerisque. Aenean egestas euismod ante, id congue ligula egestas sed. Quisque eros enim, dignissim non efficitur posuere, viverra in velit. Aliquam ac pretium sem. Suspendisse fringilla mattis orci in consequat. Mauris quis nulla sed dui volutpat semper eget at neque.<\/p>\n","protected":false},"excerpt":{"rendered":"<p>Lorem ipsum dolor sit amet, consectetur adipiscing elit. Aliquam eros ante, placerat ac pulvinar at, iaculis a quam. Duis ut risus lobortis diam molestie vehicula. Nunc aliquet lectus at egestas&hellip; <\/p>\n","protected":false},"author":1,"featured_media":0,"parent":0,"menu_order":0,"comment_status":"closed","ping_status":"closed","template":"","meta":{"footnotes":""},"class_list":["post-188","page","type-page","status-publish","hentry"],"yoast_head":"<!-- This site is optimized with the Yoast SEO plugin v26.4 - https:\/\/yoast.com\/wordpress\/plugins\/seo\/ -->\n<title>Full Width - La Voix de la Nation<\/title>\n<meta name=\"robots\" content=\"index, follow, max-snippet:-1, max-image-preview:large, max-video-preview:-1\" \/>\n<link rel=\"canonical\" href=\"https:\/\/lavoixdelanation.tg\/index.php\/full-width\/\" \/>\n<meta property=\"og:locale\" content=\"fr_FR\" \/>\n<meta property=\"og:type\" content=\"article\" \/>\n<meta property=\"og:title\" content=\"Full Width - La Voix de la Nation\" \/>\n<meta property=\"og:description\" content=\"Lorem ipsum dolor sit amet, consectetur adipiscing elit. Aliquam eros ante, placerat ac pulvinar at, iaculis a quam. Duis ut risus lobortis diam molestie vehicula. Nunc aliquet lectus at egestas&hellip;\" \/>\n<meta property=\"og:url\" content=\"https:\/\/lavoixdelanation.tg\/index.php\/full-width\/\" \/>\n<meta property=\"og:site_name\" content=\"La Voix de la Nation\" \/>\n<meta property=\"article:publisher\" content=\"https:\/\/www.facebook.com\/lavoixdelanation\" \/>\n<meta property=\"og:image\" content=\"https:\/\/lavoixdelanation.tg\/wp-content\/uploads\/2024\/12\/lavn-1.png\" \/>\n\t<meta property=\"og:image:width\" content=\"1024\" \/>\n\t<meta property=\"og:image:height\" content=\"464\" \/>\n\t<meta property=\"og:image:type\" content=\"image\/png\" \/>\n<meta name=\"twitter:card\" content=\"summary_large_image\" \/>\n<meta name=\"twitter:label1\" content=\"Dur\u00e9e de lecture estim\u00e9e\" \/>\n\t<meta name=\"twitter:data1\" content=\"1 minute\" \/>\n<script type=\"application\/ld+json\" class=\"yoast-schema-graph\">{\"@context\":\"https:\/\/schema.org\",\"@graph\":[{\"@type\":\"WebPage\",\"@id\":\"https:\/\/lavoixdelanation.tg\/index.php\/full-width\/\",\"url\":\"https:\/\/lavoixdelanation.tg\/index.php\/full-width\/\",\"name\":\"Full Width - La Voix de la Nation\",\"isPartOf\":{\"@id\":\"https:\/\/lavoixdelanation.tg\/#website\"},\"datePublished\":\"2018-11-22T06:46:44+00:00\",\"breadcrumb\":{\"@id\":\"https:\/\/lavoixdelanation.tg\/index.php\/full-width\/#breadcrumb\"},\"inLanguage\":\"fr-FR\",\"potentialAction\":[{\"@type\":\"ReadAction\",\"target\":[\"https:\/\/lavoixdelanation.tg\/index.php\/full-width\/\"]}]},{\"@type\":\"BreadcrumbList\",\"@id\":\"https:\/\/lavoixdelanation.tg\/index.php\/full-width\/#breadcrumb\",\"itemListElement\":[{\"@type\":\"ListItem\",\"position\":1,\"name\":\"Accueil\",\"item\":\"https:\/\/lavoixdelanation.tg\/\"},{\"@type\":\"ListItem\",\"position\":2,\"name\":\"Full Width\"}]},{\"@type\":\"WebSite\",\"@id\":\"https:\/\/lavoixdelanation.tg\/#website\",\"url\":\"https:\/\/lavoixdelanation.tg\/\",\"name\":\"La Voix de la Nation\",\"description\":\"R\u00e9c\u00e9piss\u00e9 n\u00b00108\/HAAC\/01-2024\/pl\/P\",\"publisher\":{\"@id\":\"https:\/\/lavoixdelanation.tg\/#organization\"},\"alternateName\":\"VON\",\"potentialAction\":[{\"@type\":\"SearchAction\",\"target\":{\"@type\":\"EntryPoint\",\"urlTemplate\":\"https:\/\/lavoixdelanation.tg\/?s={search_term_string}\"},\"query-input\":{\"@type\":\"PropertyValueSpecification\",\"valueRequired\":true,\"valueName\":\"search_term_string\"}}],\"inLanguage\":\"fr-FR\"},{\"@type\":\"Organization\",\"@id\":\"https:\/\/lavoixdelanation.tg\/#organization\",\"name\":\"La Voix de la Nation\",\"url\":\"https:\/\/lavoixdelanation.tg\/\",\"logo\":{\"@type\":\"ImageObject\",\"inLanguage\":\"fr-FR\",\"@id\":\"https:\/\/lavoixdelanation.tg\/#\/schema\/logo\/image\/\",\"url\":\"https:\/\/lavoixdelanation.tg\/wp-content\/uploads\/2024\/12\/lavn-1.png\",\"contentUrl\":\"https:\/\/lavoixdelanation.tg\/wp-content\/uploads\/2024\/12\/lavn-1.png\",\"width\":1024,\"height\":464,\"caption\":\"La Voix de la Nation\"},\"image\":{\"@id\":\"https:\/\/lavoixdelanation.tg\/#\/schema\/logo\/image\/\"},\"sameAs\":[\"https:\/\/www.facebook.com\/lavoixdelanation\"]}]}<\/script>\n<!-- \/ Yoast SEO plugin. -->","yoast_head_json":{"title":"Full Width - La Voix de la Nation","robots":{"index":"index","follow":"follow","max-snippet":"max-snippet:-1","max-image-preview":"max-image-preview:large","max-video-preview":"max-video-preview:-1"},"canonical":"https:\/\/lavoixdelanation.tg\/index.php\/full-width\/","og_locale":"fr_FR","og_type":"article","og_title":"Full Width - La Voix de la Nation","og_description":"Lorem ipsum dolor sit amet, consectetur adipiscing elit. Aliquam eros ante, placerat ac pulvinar at, iaculis a quam. Duis ut risus lobortis diam molestie vehicula. Nunc aliquet lectus at egestas&hellip;","og_url":"https:\/\/lavoixdelanation.tg\/index.php\/full-width\/","og_site_name":"La Voix de la Nation","article_publisher":"https:\/\/www.facebook.com\/lavoixdelanation","og_image":[{"width":1024,"height":464,"url":"https:\/\/lavoixdelanation.tg\/wp-content\/uploads\/2024\/12\/lavn-1.png","type":"image\/png"}],"twitter_card":"summary_large_image","twitter_misc":{"Dur\u00e9e de lecture estim\u00e9e":"1 minute"},"schema":{"@context":"https:\/\/schema.org","@graph":[{"@type":"WebPage","@id":"https:\/\/lavoixdelanation.tg\/index.php\/full-width\/","url":"https:\/\/lavoixdelanation.tg\/index.php\/full-width\/","name":"Full Width - La Voix de la Nation","isPartOf":{"@id":"https:\/\/lavoixdelanation.tg\/#website"},"datePublished":"2018-11-22T06:46:44+00:00","breadcrumb":{"@id":"https:\/\/lavoixdelanation.tg\/index.php\/full-width\/#breadcrumb"},"inLanguage":"fr-FR","potentialAction":[{"@type":"ReadAction","target":["https:\/\/lavoixdelanation.tg\/index.php\/full-width\/"]}]},{"@type":"BreadcrumbList","@id":"https:\/\/lavoixdelanation.tg\/index.php\/full-width\/#breadcrumb","itemListElement":[{"@type":"ListItem","position":1,"name":"Accueil","item":"https:\/\/lavoixdelanation.tg\/"},{"@type":"ListItem","position":2,"name":"Full Width"}]},{"@type":"WebSite","@id":"https:\/\/lavoixdelanation.tg\/#website","url":"https:\/\/lavoixdelanation.tg\/","name":"La Voix de la Nation","description":"R\u00e9c\u00e9piss\u00e9 n\u00b00108\/HAAC\/01-2024\/pl\/P","publisher":{"@id":"https:\/\/lavoixdelanation.tg\/#organization"},"alternateName":"VON","potentialAction":[{"@type":"SearchAction","target":{"@type":"EntryPoint","urlTemplate":"https:\/\/lavoixdelanation.tg\/?s={search_term_string}"},"query-input":{"@type":"PropertyValueSpecification","valueRequired":true,"valueName":"search_term_string"}}],"inLanguage":"fr-FR"},{"@type":"Organization","@id":"https:\/\/lavoixdelanation.tg\/#organization","name":"La Voix de la Nation","url":"https:\/\/lavoixdelanation.tg\/","logo":{"@type":"ImageObject","inLanguage":"fr-FR","@id":"https:\/\/lavoixdelanation.tg\/#\/schema\/logo\/image\/","url":"https:\/\/lavoixdelanation.tg\/wp-content\/uploads\/2024\/12\/lavn-1.png","contentUrl":"https:\/\/lavoixdelanation.tg\/wp-content\/uploads\/2024\/12\/lavn-1.png","width":1024,"height":464,"caption":"La Voix de la Nation"},"image":{"@id":"https:\/\/lavoixdelanation.tg\/#\/schema\/logo\/image\/"},"sameAs":["https:\/\/www.facebook.com\/lavoixdelanation"]}]}},"_links":{"self":[{"href":"https:\/\/lavoixdelanation.tg\/index.php\/wp-json\/wp\/v2\/pages\/188","targetHints":{"allow":["GET"]}}],"collection":[{"href":"https:\/\/lavoixdelanation.tg\/index.php\/wp-json\/wp\/v2\/pages"}],"about":[{"href":"https:\/\/lavoixdelanation.tg\/index.php\/wp-json\/wp\/v2\/types\/page"}],"author":[{"embeddable":true,"href":"https:\/\/lavoixdelanation.tg\/index.php\/wp-json\/wp\/v2\/users\/1"}],"replies":[{"embeddable":true,"href":"https:\/\/lavoixdelanation.tg\/index.php\/wp-json\/wp\/v2\/comments?post=188"}],"version-history":[{"count":0,"href":"https:\/\/lavoixdelanation.tg\/index.php\/wp-json\/wp\/v2\/pages\/188\/revisions"}],"wp:attachment":[{"href":"https:\/\/lavoixdelanation.tg\/index.php\/wp-json\/wp\/v2\/media?parent=188"}],"curies":[{"name":"wp","href":"https:\/\/api.w.org\/{rel}","templated":true}]}}